{"id":772,"date":"2023-02-14T11:58:55","date_gmt":"2023-02-14T11:58:55","guid":{"rendered":"https:\/\/fk.unnes.ac.id\/?page_id=772"},"modified":"2024-09-12T05:00:28","modified_gmt":"2024-09-12T05:00:28","slug":"jurnal","status":"publish","type":"page","link":"https:\/\/unnes.ac.id\/fk\/jurnal\/","title":{"rendered":"Jurnal Akademik"},"content":{"rendered":"\n<p>Sebagai sumbangsih Fakultas Kedokteran Universitas Negeri Semarang (FK UNNES) untuk komunitas sains dibidang kedokteran,&nbsp; Fakultas Kedokteran UNNES memiliki jurnal sendiri yang dapat menampung hasil-hasil karya penelitian baik dari dalam maupun dari luar berupa jurnal ilmiah terakreditasi. Berikut adalah jurnal-jurnal yang dikelola Fakultas Kedokteran UNNES, yaitu:<\/p>\n\n\n\n<figure class=\"wp-block-image size-full\"><img loading=\"lazy\" decoding=\"async\" width=\"492\" height=\"730\" src=\"https:\/\/unnes.ac.id\/fk\/wp-content\/uploads\/sites\/46\/2024\/02\/homepageImage_en_US.jpg\" alt=\"\" class=\"wp-image-5940\" srcset=\"https:\/\/unnes.ac.id\/fk\/wp-content\/uploads\/sites\/46\/2024\/02\/homepageImage_en_US.jpg 492w, https:\/\/unnes.ac.id\/fk\/wp-content\/uploads\/sites\/46\/2024\/02\/homepageImage_en_US-202x300.jpg 202w\" sizes=\"auto, (max-width: 492px) 100vw, 492px\" \/><\/figure>\n\n\n\n<p><a href=\"https:\/\/journal.unnes.ac.id\/nju\/index.php\/kemas\" target=\"_blank\" rel=\"noreferrer noopener\"><\/a><\/p>\n\n\n\n<p><strong><a href=\"https:\/\/journal.unnes.ac.id\/nju\/index.php\/kemas\" target=\"_blank\" rel=\"noreferrer noopener\">KEMAS: Jurnal Kesehatan Masyarakat<\/a><\/strong><\/p>\n\n\n\n<p>KEMAS: Jurnal Kesehatan Masyarakat [<a href=\"http:\/\/u.lipi.go.id\/1180427039\" target=\"_blank\" rel=\"noreferrer noopener\">P-ISSN&nbsp;<\/a><a href=\"http:\/\/u.lipi.go.id\/1180427039\" target=\"_blank\" rel=\"noreferrer noopener\">1858-1196<\/a>&nbsp;|&nbsp;<a href=\"http:\/\/u.lipi.go.id\/1389880853\" target=\"_blank\" rel=\"noreferrer noopener\">E-ISSN&nbsp;<\/a><a href=\"http:\/\/u.lipi.go.id\/1389880853\" target=\"_blank\" rel=\"noreferrer noopener\">2355-3596<\/a>&nbsp;|&nbsp;<a href=\"https:\/\/doi.org\/10.15294\/kemas.v14i2.8000\" target=\"_blank\" rel=\"noreferrer noopener\">DOI 10.15294\/kemas]<\/a>&nbsp;publised by Universitas Negeri Semarang in collaboration with&nbsp;<a href=\"https:\/\/drive.google.com\/open?id=1rZ5bQufR6HlWMg8QUnQDkdqi2__yRXuW\" target=\"_blank\" rel=\"noreferrer noopener\">Ikatan Ahli Kesehatan Masyarakat Indonesia<\/a>&nbsp;(IAKMI Tingkat Pusat) and&nbsp;<a href=\"https:\/\/drive.google.com\/open?id=13_Yc2iaWK2ZCYKnkOX5Ck96FW2ngIWqs\" target=\"_blank\" rel=\"noreferrer noopener\">Jejaring Nasional Pendidikan Kesehatan<\/a>&nbsp;(JNPK). KEMAS publishes the article based on research or equivalent to research results in public health or other disciplines related to public health that has not been loaded\/published by other media. The journal contains articles about epidemiology and biostatistics, health policy and administration, public health nutrition, environmental health, occupational health and safety, health promotion, reproductive health, maternal and child health, and other related articles in public health. The journal can be used by health practitioners, health caregivers, teachers, medical students, and people who are interested in public health issues. The journal was first published in July 2005 and subsequently published twice a year, in July and January. KEMAS has been accredited by DIKTI starting in 2014 with an&nbsp;<a href=\"https:\/\/drive.google.com\/open?id=1mGwgaCKr1jm68hMB-aWArEHebv_XoF3Q\" target=\"_blank\" rel=\"noreferrer noopener\">Accreditation Letter Number: 212\/P\/2014<\/a>&nbsp;and indexied by&nbsp;<a href=\"https:\/\/drive.google.com\/open?id=1W3po6Lcao6KOynED2zK7eMlEU0jv4-3I\" target=\"_blank\" rel=\"noreferrer noopener\">Sinta 2nd<\/a>. Since 2017, the journal were published 3 times a year in July, November and March. In 2019, KEMAS has been acredited with&nbsp;<a href=\"https:\/\/drive.google.com\/drive\/folders\/1PSXfMtNnmC_PseXr-MCDT1_TwdfGD4w3?usp=sharing\" target=\"_blank\" rel=\"noreferrer noopener\">Accreditation Letter Number : 10\/E\/KPT\/2019<\/a>.&nbsp;Starting October 2022, articles in KEMAS Journal have been accepted for indexing to&nbsp;<a href=\"https:\/\/suggestor.step.scopus.com\/progressTracker\/?trackingID=8611122935795D03\" target=\"_blank\" rel=\"noreferrer noopener\">Scopus<\/a>.<\/p>\n\n\n\n<figure class=\"wp-block-image size-full\"><img loading=\"lazy\" decoding=\"async\" width=\"724\" height=\"1024\" src=\"https:\/\/unnes.ac.id\/fk\/wp-content\/uploads\/sites\/46\/2024\/02\/WEBSITE_JOURNAL_OF_HEALTH_EDUCATION_VOL._5_NO_._2_SEPT_2020_-724x1024-1.png\" alt=\"\" class=\"wp-image-5941\" srcset=\"https:\/\/unnes.ac.id\/fk\/wp-content\/uploads\/sites\/46\/2024\/02\/WEBSITE_JOURNAL_OF_HEALTH_EDUCATION_VOL._5_NO_._2_SEPT_2020_-724x1024-1.png 724w, https:\/\/unnes.ac.id\/fk\/wp-content\/uploads\/sites\/46\/2024\/02\/WEBSITE_JOURNAL_OF_HEALTH_EDUCATION_VOL._5_NO_._2_SEPT_2020_-724x1024-1-212x300.png 212w\" sizes=\"auto, (max-width: 724px) 100vw, 724px\" \/><\/figure>\n\n\n\n<p><a href=\"https:\/\/journal.unnes.ac.id\/nju\/index.php\/kemas\" target=\"_blank\" rel=\"noreferrer noopener\"><\/a><\/p>\n\n\n\n<p><strong><a href=\"https:\/\/journal.unnes.ac.id\/nju\/index.php\/kemas\">JHE : Journal of Health Education<\/a><\/strong><\/p>\n\n\n\n<p>JHE (Journal of Health Education) abbreviated as&nbsp;<em>J. Health Edu<\/em>&nbsp;is an S2 rated journal&nbsp;(SINTA Ristekdikti) containing writings raised from the results of research or equivalent in the field of health education. Such research includes research in school environments and communities as well as in the general public. Articles published in this journal have never been published \/ published by other media.<\/p>\n\n\n\n<p>JHE also publishes invited articles, reviews, and supplements from leading experts on topical issues.<\/p>\n\n\n\n<figure class=\"wp-block-image size-full\"><img loading=\"lazy\" decoding=\"async\" width=\"274\" height=\"377\" src=\"https:\/\/unnes.ac.id\/fk\/wp-content\/uploads\/sites\/46\/2024\/02\/Jurnal.jpg\" alt=\"\" class=\"wp-image-5942\" srcset=\"https:\/\/unnes.ac.id\/fk\/wp-content\/uploads\/sites\/46\/2024\/02\/Jurnal.jpg 274w, https:\/\/unnes.ac.id\/fk\/wp-content\/uploads\/sites\/46\/2024\/02\/Jurnal-218x300.jpg 218w\" sizes=\"auto, (max-width: 274px) 100vw, 274px\" \/><\/figure>\n\n\n\n<p><a href=\"https:\/\/journal.unnes.ac.id\/sju\/index.php\/spnj\" target=\"_blank\" rel=\"noreferrer noopener\"><\/a><\/p>\n\n\n\n<p><strong><a href=\"https:\/\/journal.unnes.ac.id\/sju\/index.php\/spnj\/about\" target=\"_blank\" rel=\"noreferrer noopener\">Sport and Nutrition Journal<\/a><\/strong><\/p>\n\n\n\n<p>Sport and Nutrition Journal [<a href=\"http:\/\/u.lipi.go.id\/1563933668\" target=\"_blank\" rel=\"noreferrer noopener\">P-ISSN&nbsp;2685-6018<\/a>&nbsp;|&nbsp;<a href=\"http:\/\/u.lipi.go.id\/1562312422\" target=\"_blank\" rel=\"noreferrer noopener\">E-ISSN&nbsp;2685-2845<\/a>]&nbsp;or abbreviated as SpNJ publised by Program Studi Gizi, Jurusan Ilmu Kesehatan Masyarakat, Fakultas Ilmu Keolahragaan, Universitas Negeri Semarang (UNNES) in collaboration with Persatuan Ahli Gizi&nbsp; Indonesia (PERSAGI). SpNJ contains articles that are taken from research or equivalent to the results of research in the field of nutrition and sports that develop nutritional science or other health related sciences that have never been published by other media. This journal can be used as a reference for health workers, academics, or parties interested in issues in the fields of sports, nutrition, and health.<\/p>\n\n\n\n<p>Abstracting &amp; Indexing:&nbsp;<strong><a href=\"https:\/\/scholar.google.com\/citations?hl=en&amp;user=2arh7VcAAAAJ\" target=\"_blank\" rel=\"noreferrer noopener\">Google Scholar<\/a>&nbsp;&nbsp;<a href=\"http:\/\/garuda.ristekbrin.go.id\/journal\/view\/18623\" target=\"_blank\" rel=\"noreferrer noopener\">GARUDA<\/a>&nbsp;<a href=\"https:\/\/search.crossref.org\/?q=+2685-2845\" target=\"_blank\" rel=\"noreferrer noopener\">Crossref<\/a>&nbsp;<a href=\"https:\/\/sinta.kemdikbud.go.id\/journals\/detail?id=8642\" target=\"_blank\" rel=\"noreferrer noopener\">Sinta<\/a><\/strong><\/p>\n\n\n\n<figure class=\"wp-block-image size-full\"><img loading=\"lazy\" decoding=\"async\" width=\"296\" height=\"408\" src=\"https:\/\/unnes.ac.id\/fk\/wp-content\/uploads\/sites\/46\/2024\/02\/homepageImage_en_US.png\" alt=\"\" class=\"wp-image-5943\" srcset=\"https:\/\/unnes.ac.id\/fk\/wp-content\/uploads\/sites\/46\/2024\/02\/homepageImage_en_US.png 296w, https:\/\/unnes.ac.id\/fk\/wp-content\/uploads\/sites\/46\/2024\/02\/homepageImage_en_US-218x300.png 218w\" sizes=\"auto, (max-width: 296px) 100vw, 296px\" \/><\/figure>\n\n\n\n<p><a href=\"https:\/\/journal.unnes.ac.id\/nju\/index.php\/phpj\" target=\"_blank\" rel=\"noreferrer noopener\"><\/a><\/p>\n\n\n\n<p><strong><a href=\"https:\/\/journal.unnes.ac.id\/nju\/index.php\/kemas\">Public Health Perspective Journal<br><\/a><\/strong><\/p>\n\n\n\n<p>Public Health Perspective Journal [p-ISSN&nbsp;<a href=\"http:\/\/issn.pdii.lipi.go.id\/issn.cgi?daftar&amp;&amp;&amp;&amp;&amp;2528-5998\" target=\"_blank\" rel=\"noreferrer noopener\">2528-5998<\/a>&nbsp;| e-ISSN&nbsp;<a href=\"http:\/\/u.lipi.go.id\/1472575166\" target=\"_blank\" rel=\"noreferrer noopener\">2540-7945<\/a>] publishes original papers, reviews and short reports on all aspects of the science, philosophy, and practice of\u00c2&nbsp;public health. It is aimed at all public health practitioners and researchers and those who manage and deliver\u00c2&nbsp;public health services\u00c2&nbsp;and systems. It will also be of interest to anyone involved in provision of\u00c2&nbsp;public health programmes, the care of populations or communities and those who contribute to public health systems in any way&nbsp;(<a href=\"https:\/\/journal.unnes.ac.id\/nju\/index.php\/phpj\/about\/editorialPolicies#focusAndScope\" target=\"_blank\" rel=\"noreferrer noopener\">see Focus and Scope<\/a>).<\/p>\n\n\n\n<p>\u00c2&nbsp;Editor accepts the article has not been published in other media with the writing format as listed on page manuscript writing guidelines (see&nbsp;<a href=\"https:\/\/journal.unnes.ac.id\/nju\/index.php\/phpj\/about\/submissions#authorGuidelines\">Author Guidelines<\/a>,&nbsp;<a href=\"https:\/\/drive.google.com\/file\/d\/1F-2_Kctze8z41zV57YNE6B7iuwg4lL6a\/view?usp=sharing\">Manuscript Template<\/a>&nbsp;and&nbsp;<a href=\"https:\/\/drive.google.com\/file\/d\/1nxgnBrf6pKoE7xzSZnhO3Fz1JbzQPhrH\/view?usp=sharing\">Submission Guidelines<\/a>)<\/p>\n\n\n\n<p>The articles of this journal are published every fourth months, that is on April, August and December (3 issues per year), and published by the Postgraduate, Universitas Negeri Semarang.<\/p>\n\n\n\n<p>Abstracting and Indexing:\u00c2&nbsp;<a href=\"https:\/\/scholar.google.co.id\/citations?hl=id&amp;user=_muYBdQAAAAJ\" target=\"_blank\" rel=\"noreferrer noopener\">Google Scholar<\/a>,\u00c2&nbsp;<a href=\"https:\/\/doaj.org\/toc\/2540-7945\" target=\"_blank\" rel=\"noreferrer noopener\">DOAJ<\/a>,\u00c2&nbsp;<a href=\"http:\/\/garuda.ristekbrin.go.id\/journal\/view\/14829\" target=\"_blank\" rel=\"noreferrer noopener\">GARUDA<\/a>,\u00c2&nbsp;<a href=\"http:\/\/sinta.ristekbrin.go.id\/journals\/detail\/?id=347\" target=\"_blank\" rel=\"noreferrer noopener\">SINTA<\/a><\/p>\n\n\n\n<p>Postgraduate, Universitas Negeri Semarang<br>Kelud Utara III, Semarang 50237 Indonesia<br>E-mail:&nbsp;phpj@mail.unnes.ac.id<\/p>\n","protected":false},"excerpt":{"rendered":"<p>Sebagai sumbangsih Fakultas Kedokteran Universitas Negeri Semarang (FK UNNES) untuk komunitas sains dibidang kedokteran,&nbsp; Fakultas Kedokteran UNNES memiliki jurnal sendiri yang dapat menampung hasil-hasil karya penelitian baik dari dalam maupun dari luar berupa jurnal ilmiah terakreditasi. Berikut adalah jurnal-jurnal yang dikelola Fakultas Kedokteran UNNES, yaitu: KEMAS: Jurnal Kesehatan Masyarakat KEMAS: Jurnal Kesehatan Masyarakat [P-ISSN&nbsp;1858-1196&nbsp;|&nbsp;E-ISSN&nbsp;2355-3596&nbsp;|&nbsp;DOI 10.15294\/kemas]&nbsp;publised [&hellip;]<\/p>\n","protected":false},"author":70,"featured_media":0,"parent":0,"menu_order":0,"comment_status":"closed","ping_status":"closed","template":"","meta":{"_monsterinsights_skip_tracking":false,"_monsterinsights_sitenote_active":false,"_monsterinsights_sitenote_note":"","_monsterinsights_sitenote_category":0,"footnotes":""},"class_list":["post-772","page","type-page","status-publish","hentry"],"_links":{"self":[{"href":"https:\/\/unnes.ac.id\/fk\/wp-json\/wp\/v2\/pages\/772","targetHints":{"allow":["GET"]}}],"collection":[{"href":"https:\/\/unnes.ac.id\/fk\/wp-json\/wp\/v2\/pages"}],"about":[{"href":"https:\/\/unnes.ac.id\/fk\/wp-json\/wp\/v2\/types\/page"}],"author":[{"embeddable":true,"href":"https:\/\/unnes.ac.id\/fk\/wp-json\/wp\/v2\/users\/70"}],"replies":[{"embeddable":true,"href":"https:\/\/unnes.ac.id\/fk\/wp-json\/wp\/v2\/comments?post=772"}],"version-history":[{"count":5,"href":"https:\/\/unnes.ac.id\/fk\/wp-json\/wp\/v2\/pages\/772\/revisions"}],"predecessor-version":[{"id":8624,"href":"https:\/\/unnes.ac.id\/fk\/wp-json\/wp\/v2\/pages\/772\/revisions\/8624"}],"wp:attachment":[{"href":"https:\/\/unnes.ac.id\/fk\/wp-json\/wp\/v2\/media?parent=772"}],"curies":[{"name":"wp","href":"https:\/\/api.w.org\/{rel}","templated":true}]}}