{"id":3658,"date":"2023-06-27T01:57:47","date_gmt":"2023-06-27T01:57:47","guid":{"rendered":"https:\/\/unnes.ac.id\/fbs\/?page_id=3658"},"modified":"2023-09-04T07:34:48","modified_gmt":"2023-09-04T07:34:48","slug":"prodi-sastra-prancis","status":"publish","type":"page","link":"https:\/\/unnes.ac.id\/fbs\/id\/program-studi\/prodi-sastra-prancis\/","title":{"rendered":"Sastra Prancis (S1)"},"content":{"rendered":"\n<p><img loading=\"lazy\" decoding=\"async\" width=\"365\" height=\"569\" class=\"wp-image-4282\" style=\"width: 350px\" src=\"https:\/\/unnes.ac.id\/fbs\/wp-content\/uploads\/sites\/22\/2023\/08\/WhatsApp_Image_2023-08-18_at_08.02.49-removebg-preview.png\" alt=\"\" srcset=\"https:\/\/unnes.ac.id\/fbs\/wp-content\/uploads\/sites\/22\/2023\/08\/WhatsApp_Image_2023-08-18_at_08.02.49-removebg-preview.png 365w, https:\/\/unnes.ac.id\/fbs\/wp-content\/uploads\/sites\/22\/2023\/08\/WhatsApp_Image_2023-08-18_at_08.02.49-removebg-preview-192x300.png 192w\" sizes=\"auto, (max-width: 365px) 100vw, 365px\" \/><\/p>\n\n\n\n<p><strong><em>Koordinator Program Studi Sastra Prancis (S1)<\/em><\/strong><\/p>\n\n\n\n<p>Ahmad Yulianto, S.S.,M.Pd<\/p>\n\n\n\n<p>_____________________________________________________________________________________________<\/p>\n\n\n\n<figure class=\"wp-block-table\"><table><tbody><tr><th>NO<\/th><th>Sertifikat Akreditasi<\/th><th>No. SK<\/th><th>Keterangan<\/th><\/tr><tr><td>1<\/td><td><a href=\"https:\/\/drive.google.com\/file\/d\/1pdsoC4RPc1fGHkRsaBqbR1puUiVn3PWI\/view?usp=sharing\"><img loading=\"lazy\" decoding=\"async\" width=\"1600\" height=\"1204\" class=\"wp-image-4767\" style=\"width: 150px\" src=\"https:\/\/unnes.ac.id\/fbs\/wp-content\/uploads\/sites\/22\/2023\/09\/Sertifikat-Akreditasi-Sastra-Perancis-2017-2022.jpeg\" alt=\"\" srcset=\"https:\/\/unnes.ac.id\/fbs\/wp-content\/uploads\/sites\/22\/2023\/09\/Sertifikat-Akreditasi-Sastra-Perancis-2017-2022.jpeg 1600w, https:\/\/unnes.ac.id\/fbs\/wp-content\/uploads\/sites\/22\/2023\/09\/Sertifikat-Akreditasi-Sastra-Perancis-2017-2022-300x226.jpeg 300w, https:\/\/unnes.ac.id\/fbs\/wp-content\/uploads\/sites\/22\/2023\/09\/Sertifikat-Akreditasi-Sastra-Perancis-2017-2022-1024x771.jpeg 1024w, https:\/\/unnes.ac.id\/fbs\/wp-content\/uploads\/sites\/22\/2023\/09\/Sertifikat-Akreditasi-Sastra-Perancis-2017-2022-768x578.jpeg 768w, https:\/\/unnes.ac.id\/fbs\/wp-content\/uploads\/sites\/22\/2023\/09\/Sertifikat-Akreditasi-Sastra-Perancis-2017-2022-1536x1156.jpeg 1536w\" sizes=\"auto, (max-width: 1600px) 100vw, 1600px\" \/><\/a><a href=\"https:\/\/drive.google.com\/file\/d\/1pdsoC4RPc1fGHkRsaBqbR1puUiVn3PWI\/view?usp=drive_link\"><\/a><a href=\"https:\/\/drive.google.com\/file\/d\/1mpUyYeT8jfxOVENpm25pTtxYIDQunSde\/view?usp=drive_link\"><\/a><\/td><td>BAN-PT No. 2488\/SK\/BAN-PT\/Akred\/S\/VIII\/2017<\/td><td>01 Agustus 2017 &#8211; 01 Agustus 2022<\/td><\/tr><\/tbody><\/table><\/figure>\n\n\n\n<h4 class=\"wp-block-heading\">Akreditasi<\/h4>\n\n\n\n<p>Akreditasi A berdasarkan SK BAN-PT nomor 4950\/SK\/BAN-PT\/Ak.PEPS\/S\/VII\/2022<\/p>\n\n\n\n<h4 class=\"wp-block-heading\">Gelar Lulusan<\/h4>\n\n\n\n<p>Sarjana Sastra (S.S)<\/p>\n\n\n\n<h4 class=\"wp-block-heading\">Deskripsi Program Studi<\/h4>\n\n\n\n<p><\/p>\n\n\n\n<p>Program Studi Sastra Prancis adalah salah satu program studi yang ada di Jurusan Bahasa dan Sastra Asing, Fakultas Bahasa dan Seni, Universitas Negeri Semarang. Program studi yang berdiri sejak tahun 2001 ini dipimpin oleh seorang ketua program studi.<\/p>\n\n\n\n<p>Program Studi Sastra Prancis adalah program studi yang dikembangkan untuk menghasilkan lulusan yang mempunyai kemampuan berbahasa Prancis dan terkonsentrasi pada dua kompetensi yakni kompetensi sastra dan linguistik. Prodi ini menawarkan sejumlah mata kuliah pokok dan mata kuliah minimal 144 SKS dan maksimal 160 SKS.<\/p>\n\n\n\n<figure class=\"wp-block-embed is-type-video is-provider-youtube wp-block-embed-youtube wp-embed-aspect-16-9 wp-has-aspect-ratio\"><div class=\"wp-block-embed__wrapper\">\n<iframe loading=\"lazy\" title=\"#PodcastUNNES - Rasanya Kuliah di Jurusan Sastra Prancis (Profil Prodi Sastra Prancis S1 UNNES)\" width=\"1150\" height=\"647\" src=\"https:\/\/www.youtube.com\/embed\/h7-9EFA4UOg?feature=oembed\" frameborder=\"0\" allow=\"accelerometer; autoplay; clipboard-write; encrypted-media; gyroscope; picture-in-picture; web-share\" allowfullscreen><\/iframe>\n<\/div><\/figure>\n\n\n\n<h4 class=\"wp-block-heading\">Profil Lulusan<\/h4>\n\n\n\n<ol class=\"wp-block-list\">\n<li>Translator<\/li>\n\n\n\n<li>Agen Travel Nasioanl maupun Internasional<\/li>\n\n\n\n<li>Interpreter<\/li>\n\n\n\n<li>Diplomat<\/li>\n\n\n\n<li>Jurnalis<\/li>\n\n\n\n<li>Editor<\/li>\n\n\n\n<li>Birokrat<\/li>\n\n\n\n<li>Penulis<\/li>\n\n\n\n<li>Sastrawan<\/li>\n<\/ol>\n\n\n\n<h4 class=\"wp-block-heading\"><strong>Kontak Program Studi<\/strong><\/h4>\n\n\n\n<p>Telepon :&nbsp; (024) 8508072<\/p>\n\n\n\n<p><blockquote class=\"wp-embedded-content\" data-secret=\"vWDflRDjXj\"><a href=\"https:\/\/sasper.unnes.ac.id\/\">Connaissez-vous Sasper? Sudah kenal prodi Sasper UNNES?<\/a><\/blockquote><iframe loading=\"lazy\" class=\"wp-embedded-content\" sandbox=\"allow-scripts\" security=\"restricted\" style=\"position: absolute; clip: rect(1px, 1px, 1px, 1px);\" title=\"&#8220;Connaissez-vous Sasper? Sudah kenal prodi Sasper UNNES?&#8221; &#8212; D\u00e9partement de la litt\u00e9rature fran\u00e7aise de UNNES\" src=\"https:\/\/sasper.unnes.ac.id\/embed\/#?secret=WkKPPqMAQG#?secret=vWDflRDjXj\" data-secret=\"vWDflRDjXj\" width=\"600\" height=\"338\" frameborder=\"0\" marginwidth=\"0\" marginheight=\"0\" scrolling=\"no\"><\/iframe><\/p>\n\n\n\n<p><\/p>\n","protected":false},"excerpt":{"rendered":"<p>Koordinator Program Studi Sastra Prancis (S1) Ahmad Yulianto, S.S.,M.Pd _____________________________________________________________________________________________ NO Sertifikat Akreditasi No. SK Keterangan 1 BAN-PT No. 2488\/SK\/BAN-PT\/Akred\/S\/VIII\/2017 01 Agustus 2017 &#8211; 01 Agustus 2022 Akreditasi Akreditasi A berdasarkan SK BAN-PT nomor 4950\/SK\/BAN-PT\/Ak.PEPS\/S\/VII\/2022 Gelar Lulusan Sarjana Sastra (S.S) Deskripsi Program Studi Program Studi Sastra Prancis adalah salah satu program studi yang ada di [&hellip;]<\/p>\n","protected":false},"author":14,"featured_media":0,"parent":3685,"menu_order":0,"comment_status":"closed","ping_status":"closed","template":"","meta":{"_monsterinsights_skip_tracking":false,"_monsterinsights_sitenote_active":false,"_monsterinsights_sitenote_note":"","_monsterinsights_sitenote_category":0,"footnotes":""},"class_list":["post-3658","page","type-page","status-publish","hentry"],"_links":{"self":[{"href":"https:\/\/unnes.ac.id\/fbs\/wp-json\/wp\/v2\/pages\/3658","targetHints":{"allow":["GET"]}}],"collection":[{"href":"https:\/\/unnes.ac.id\/fbs\/wp-json\/wp\/v2\/pages"}],"about":[{"href":"https:\/\/unnes.ac.id\/fbs\/wp-json\/wp\/v2\/types\/page"}],"author":[{"embeddable":true,"href":"https:\/\/unnes.ac.id\/fbs\/wp-json\/wp\/v2\/users\/14"}],"replies":[{"embeddable":true,"href":"https:\/\/unnes.ac.id\/fbs\/wp-json\/wp\/v2\/comments?post=3658"}],"version-history":[{"count":5,"href":"https:\/\/unnes.ac.id\/fbs\/wp-json\/wp\/v2\/pages\/3658\/revisions"}],"predecessor-version":[{"id":4770,"href":"https:\/\/unnes.ac.id\/fbs\/wp-json\/wp\/v2\/pages\/3658\/revisions\/4770"}],"up":[{"embeddable":true,"href":"https:\/\/unnes.ac.id\/fbs\/wp-json\/wp\/v2\/pages\/3685"}],"wp:attachment":[{"href":"https:\/\/unnes.ac.id\/fbs\/wp-json\/wp\/v2\/media?parent=3658"}],"curies":[{"name":"wp","href":"https:\/\/api.w.org\/{rel}","templated":true}]}}